{"id":9,"date":"2020-12-08T19:03:31","date_gmt":"2020-12-08T19:03:31","guid":{"rendered":"https:\/\/selftherapie.net\/?page_id=9"},"modified":"2024-12-03T13:15:38","modified_gmt":"2024-12-03T13:15:38","slug":"charte-de-deontologie","status":"publish","type":"page","link":"https:\/\/selftherapie.com\/en\/charte-de-deontologie\/","title":{"rendered":"Code of ethics"},"content":{"rendered":"<div data-elementor-type=\"wp-page\" data-elementor-id=\"9\" class=\"elementor elementor-9\" data-elementor-settings=\"{&quot;ha_cmc_init_switcher&quot;:&quot;no&quot;,&quot;element_pack_global_tooltip_width&quot;:{&quot;unit&quot;:&quot;px&quot;,&quot;size&quot;:&quot;&quot;,&quot;sizes&quot;:[]},&quot;element_pack_global_tooltip_width_tablet&quot;:{&quot;unit&quot;:&quot;px&quot;,&quot;size&quot;:&quot;&quot;,&quot;sizes&quot;:[]},&quot;element_pack_global_tooltip_width_mobile&quot;:{&quot;unit&quot;:&quot;px&quot;,&quot;size&quot;:&quot;&quot;,&quot;sizes&quot;:[]},&quot;element_pack_global_tooltip_padding&quot;:{&quot;unit&quot;:&quot;px&quot;,&quot;top&quot;:&quot;&quot;,&quot;right&quot;:&quot;&quot;,&quot;bottom&quot;:&quot;&quot;,&quot;left&quot;:&quot;&quot;,&quot;isLinked&quot;:true},&quot;element_pack_global_tooltip_padding_tablet&quot;:{&quot;unit&quot;:&quot;px&quot;,&quot;top&quot;:&quot;&quot;,&quot;right&quot;:&quot;&quot;,&quot;bottom&quot;:&quot;&quot;,&quot;left&quot;:&quot;&quot;,&quot;isLinked&quot;:true},&quot;element_pack_global_tooltip_padding_mobile&quot;:{&quot;unit&quot;:&quot;px&quot;,&quot;top&quot;:&quot;&quot;,&quot;right&quot;:&quot;&quot;,&quot;bottom&quot;:&quot;&quot;,&quot;left&quot;:&quot;&quot;,&quot;isLinked&quot;:true},&quot;element_pack_global_tooltip_border_radius&quot;:{&quot;unit&quot;:&quot;px&quot;,&quot;top&quot;:&quot;&quot;,&quot;right&quot;:&quot;&quot;,&quot;bottom&quot;:&quot;&quot;,&quot;left&quot;:&quot;&quot;,&quot;isLinked&quot;:true},&quot;element_pack_global_tooltip_border_radius_tablet&quot;:{&quot;unit&quot;:&quot;px&quot;,&quot;top&quot;:&quot;&quot;,&quot;right&quot;:&quot;&quot;,&quot;bottom&quot;:&quot;&quot;,&quot;left&quot;:&quot;&quot;,&quot;isLinked&quot;:true},&quot;element_pack_global_tooltip_border_radius_mobile&quot;:{&quot;unit&quot;:&quot;px&quot;,&quot;top&quot;:&quot;&quot;,&quot;right&quot;:&quot;&quot;,&quot;bottom&quot;:&quot;&quot;,&quot;left&quot;:&quot;&quot;,&quot;isLinked&quot;:true}}\" data-elementor-post-type=\"page\">\n\t\t\t\t\t\t<section class=\"elementor-section elementor-top-section elementor-element elementor-element-4fc06d7 elementor-section-boxed elementor-section-height-default elementor-section-height-default\" data-id=\"4fc06d7\" data-element_type=\"section\" data-e-type=\"section\" data-settings=\"{&quot;_ha_eqh_enable&quot;:false}\">\n\t\t\t\t\t\t<div class=\"elementor-container elementor-column-gap-default\">\n\t\t\t\t\t<div class=\"elementor-column elementor-col-100 elementor-top-column elementor-element elementor-element-32d34b0\" data-id=\"32d34b0\" data-element_type=\"column\" data-e-type=\"column\">\n\t\t\t<div class=\"elementor-widget-wrap elementor-element-populated\">\n\t\t\t\t\t\t<div class=\"elementor-element elementor-element-fc00941 elementor-widget elementor-widget-text-editor\" data-id=\"fc00941\" data-element_type=\"widget\" data-e-type=\"widget\" data-widget_type=\"text-editor.default\">\n\t\t\t\t<div class=\"elementor-widget-container\">\n\t\t\t\t\t\t\t\t\t<header class=\"fl-post-header\" role=\"banner\"><h1 class=\"fl-post-title\" style=\"text-align: center;\">Code of ethics<\/h1><\/header><div class=\"fl-post-content clearfix\"><p>The therapists registered on this site act under their own responsibility and are committed to respecting the obligations of their status as well as the code of ethics below.<\/p><p><strong>Self th\u00e9rapie formation (STF) code of ethics<\/strong><\/p><p><strong>PREAMBLE<\/strong><\/p><p>The purpose of this charter is to set out the ethical principles and principles of good practice to be observed by practitioners using the\u00a0<strong>Relational Intelligence\u00ae <\/strong>model and wish to appear on the public list of STF practitioners.<\/p><p>Pending a specific code of ethics for STF practitioners, it has been agreed to refer to the Code of Ethics of the French Federation of Psychotherapy, which can be consulted on the website :\u00a0 <a href=\"https:\/\/www.ff2p.fr\/ethique-et-deontologie\/\" target=\"_blank\" rel=\"noopener\">https:\/\/www.ff2p.fr\/ethique-et-deontologie\/\u00a0<\/a>and its updates.<\/p><hr \/><p><strong>\u00a0<\/strong><\/p><p><strong>1 - RESPONSIBILITY<\/strong><\/p><p class=\"translation-block\">In performing their duties, STF practitioners are committed to maintaining the highest standards of their profession.<br>They accept responsibility for the consequences of their actions and make every effort to ensure that their services are used appropriately.<\/p><hr \/><p><strong>\u00a0<\/strong><\/p><p><strong>2 - SKILLS<\/strong><\/p><p class=\"translation-block\">Maintaining high standards of competence is a responsibility shared by all STFpractitioners for the benefit of the public and the profession as a whole. <br>STF practitioners recognize the limits of their competence and the limitations of their methods.<br>They only provide services and use techniques for which they are qualified by training and experience.<br>They keep abreast of the latest health knowledge and consult scientific and professional information relevant to the services they provide.<\/p><hr \/><p><strong>\u00a0<\/strong><\/p><p><strong>3 - MORAL VALUES AND LEGAL STANDARDS<\/strong><\/p><p class=\"translation-block\">The moral, ethical, and legal values and standards that govern the behavior of STF practitioners are a personal matter, just as they are for any citizen, except where they may compromise the exercise of their professional responsibilities or undermine the public trust in psychotherapy and STF practitioners. \nWith respect to their own behavior, STF practitioners must be mindful of the community standards in place and must remain sensitive to the possible impact that compliance with or deviation from these standards may have on the quality of their performance as STF practitioners. \nThey remain aware of the possible impact of their public behavior.<\/p><hr \/><p><strong>\u00a0<\/strong><\/p><p><strong>4 - CONFIDENTIALITY<\/strong><\/p><p class=\"translation-block\">STF practitioners are personally bound by professional secrecy, except in cases where the law requires or permits disclosure. \nThe professional secrecy covers everything that STF practitioners have knowledge of in the exercise of their profession, in other words, not only what is entrusted to them but also what they see, hear or understand. \nThey respect the confidentiality of information obtained from individuals in the course of their work. They disclose such information to third parties only with the consent of the individual (or the individual's legal representative), except in exceptional circumstances where failure to do so would likely result in clear danger to that individual or others. \nSTF practitioners inform their clients of the legal limits of confidentiality. Consent to reveal information to others must normally be obtained in writing from the individual.<\/p><hr \/><p><strong>\u00a0<\/strong><\/p><p><strong>5 - CUSTOMER PROTECTION<\/strong><\/p><p>STF practitioners respect the integrity, autonomy, and right to live according to one's own beliefs and protect the well-being of the individuals and groups with whom they work.<br \/>STF practitioners respect the dignity of the human person, even after death.<br \/>They refrain from infringing it in any way, knowing that it is a fundamental and inalienable right.<br \/>STF practitioners recognize and respect the human person in all his or her dimensions (physical, psychological and spiritual dimensions), whether they are undergoing therapy individually or in a group.<br \/>STF practitioners must treat all clients with equal awareness and respect for the principle of non-discrimination, regardless of their origin, morals, family situation, ethnicity, nation, religion, sexual orientation, disability, health status or reputation.<\/p><p>In all circumstances, they only intervene with the prior, free and informed consent of the persons concerned. However, the consent of the client cannot justify a breach of ethics or a breach of professional conduct.<\/p><p>STF practitioners do not unprofessionally interfere in family matters or in the private lives of their clients.<br \/>Coercing people to participate or continue in therapy is unethical.<\/p><hr \/><p><strong>\u00a0<\/strong><\/p><p><strong>6 - PROFESSIONAL RELATIONS<\/strong><\/p><p>STF practitioners act with due regard for the needs, specific skills and obligations of their fellow STF practitioners, psychologists, psychoanalysts, psychiatrists, physicians, among other professions. They respect the prerogatives and obligations of the institutions or organizations with which these other colleagues are associated.<\/p><hr \/><p><strong>\u00a0<\/strong><\/p><p><strong>7 - PUBLIC STATEMENTS<\/strong><\/p><p class=\"translation-block\">The public statements, service announcements, advertising, and promotional activities of STF practitioners are intended to assist the public in forming opinions and making choices. STF practitioners accurately and objectively present their professional qualifications, affiliations, and functions, as well as those of institutions or organizations with which they or their statements may be associated. \nIn their public statements of psychotherapeutic information or professional opinions or which provide information about the availability of techniques, products, publications, and services, STF practitioners base their statements on generally accepted conclusions and techniques and fully recognize the limitations and uncertainties involved.<\/p><hr \/><hr \/><p>Version updated on March 2, 2016<\/p><\/div>\t\t\t\t\t\t\t\t<\/div>\n\t\t\t\t<\/div>\n\t\t\t\t\t<\/div>\n\t\t<\/div>\n\t\t\t\t\t<\/div>\n\t\t<\/section>\n\t\t\t\t<\/div>","protected":false},"excerpt":{"rendered":"<p>Charte de d\u00e9ontologie Les th\u00e9rapeutes\u00a0inscrits sur ce site agissent sous leur propre responsabilit\u00e9 et se sont engag\u00e9s \u00e0 respecter les obligations de leur statut ainsi que la charte de d\u00e9ontologie ci-dessous. Charte de d\u00e9ontologie \u00a0Self th\u00e9rapie formation\u00a0(STF) PREAMBULE La pr\u00e9sente charte a pour objet de poser les principes \u00e9thiques et les principes de bonnes pratiques [&hellip;]<\/p>\n","protected":false},"author":1,"featured_media":0,"parent":0,"menu_order":0,"comment_status":"closed","ping_status":"closed","template":"elementor_header_footer","meta":{"_acf_changed":false,"footnotes":""},"class_list":["post-9","page","type-page","status-publish","hentry","wpbf-post"],"acf":[],"_links":{"self":[{"href":"https:\/\/selftherapie.com\/en\/wp-json\/wp\/v2\/pages\/9","targetHints":{"allow":["GET"]}}],"collection":[{"href":"https:\/\/selftherapie.com\/en\/wp-json\/wp\/v2\/pages"}],"about":[{"href":"https:\/\/selftherapie.com\/en\/wp-json\/wp\/v2\/types\/page"}],"author":[{"embeddable":true,"href":"https:\/\/selftherapie.com\/en\/wp-json\/wp\/v2\/users\/1"}],"replies":[{"embeddable":true,"href":"https:\/\/selftherapie.com\/en\/wp-json\/wp\/v2\/comments?post=9"}],"version-history":[{"count":9,"href":"https:\/\/selftherapie.com\/en\/wp-json\/wp\/v2\/pages\/9\/revisions"}],"predecessor-version":[{"id":7467,"href":"https:\/\/selftherapie.com\/en\/wp-json\/wp\/v2\/pages\/9\/revisions\/7467"}],"wp:attachment":[{"href":"https:\/\/selftherapie.com\/en\/wp-json\/wp\/v2\/media?parent=9"}],"curies":[{"name":"wp","href":"https:\/\/api.w.org\/{rel}","templated":true}]}}