{"id":7154,"date":"2024-10-04T14:41:01","date_gmt":"2024-10-04T14:41:01","guid":{"rendered":"https:\/\/selftherapie.com\/ressources-copy\/"},"modified":"2024-10-24T07:15:35","modified_gmt":"2024-10-24T07:15:35","slug":"ressources-copy","status":"publish","type":"page","link":"https:\/\/selftherapie.com\/en\/ressources-copy\/","title":{"rendered":"Resources in english"},"content":{"rendered":"<div data-elementor-type=\"wp-page\" data-elementor-id=\"7154\" class=\"elementor elementor-7154\" data-elementor-settings=\"{&quot;ha_cmc_init_switcher&quot;:&quot;no&quot;,&quot;element_pack_global_tooltip_width&quot;:{&quot;unit&quot;:&quot;px&quot;,&quot;size&quot;:&quot;&quot;,&quot;sizes&quot;:[]},&quot;element_pack_global_tooltip_width_tablet&quot;:{&quot;unit&quot;:&quot;px&quot;,&quot;size&quot;:&quot;&quot;,&quot;sizes&quot;:[]},&quot;element_pack_global_tooltip_width_mobile&quot;:{&quot;unit&quot;:&quot;px&quot;,&quot;size&quot;:&quot;&quot;,&quot;sizes&quot;:[]},&quot;element_pack_global_tooltip_padding&quot;:{&quot;unit&quot;:&quot;px&quot;,&quot;top&quot;:&quot;&quot;,&quot;right&quot;:&quot;&quot;,&quot;bottom&quot;:&quot;&quot;,&quot;left&quot;:&quot;&quot;,&quot;isLinked&quot;:true},&quot;element_pack_global_tooltip_padding_tablet&quot;:{&quot;unit&quot;:&quot;px&quot;,&quot;top&quot;:&quot;&quot;,&quot;right&quot;:&quot;&quot;,&quot;bottom&quot;:&quot;&quot;,&quot;left&quot;:&quot;&quot;,&quot;isLinked&quot;:true},&quot;element_pack_global_tooltip_padding_mobile&quot;:{&quot;unit&quot;:&quot;px&quot;,&quot;top&quot;:&quot;&quot;,&quot;right&quot;:&quot;&quot;,&quot;bottom&quot;:&quot;&quot;,&quot;left&quot;:&quot;&quot;,&quot;isLinked&quot;:true},&quot;element_pack_global_tooltip_border_radius&quot;:{&quot;unit&quot;:&quot;px&quot;,&quot;top&quot;:&quot;&quot;,&quot;right&quot;:&quot;&quot;,&quot;bottom&quot;:&quot;&quot;,&quot;left&quot;:&quot;&quot;,&quot;isLinked&quot;:true},&quot;element_pack_global_tooltip_border_radius_tablet&quot;:{&quot;unit&quot;:&quot;px&quot;,&quot;top&quot;:&quot;&quot;,&quot;right&quot;:&quot;&quot;,&quot;bottom&quot;:&quot;&quot;,&quot;left&quot;:&quot;&quot;,&quot;isLinked&quot;:true},&quot;element_pack_global_tooltip_border_radius_mobile&quot;:{&quot;unit&quot;:&quot;px&quot;,&quot;top&quot;:&quot;&quot;,&quot;right&quot;:&quot;&quot;,&quot;bottom&quot;:&quot;&quot;,&quot;left&quot;:&quot;&quot;,&quot;isLinked&quot;:true}}\" data-elementor-post-type=\"page\">\n\t\t\t\t\t\t<section data-dce-background-overlay-color=\"#FFFFFF\" data-dce-background-image-url=\"https:\/\/selftherapie.com\/wp-content\/uploads\/2020\/12\/puzzle-693873_1920.jpg\" class=\"elementor-section elementor-top-section elementor-element elementor-element-0f7de38 elementor-section-full_width elementor-section-height-min-height elementor-section-height-default elementor-section-items-middle\" data-id=\"0f7de38\" data-element_type=\"section\" data-e-type=\"section\" data-settings=\"{&quot;background_background&quot;:&quot;classic&quot;,&quot;_ha_eqh_enable&quot;:false}\">\n\t\t\t\t\t\t\t<div class=\"elementor-background-overlay\"><\/div>\n\t\t\t\t\t\t\t<div class=\"elementor-container elementor-column-gap-default\">\n\t\t\t\t\t<div class=\"elementor-column elementor-col-100 elementor-top-column elementor-element elementor-element-8a4542c\" data-id=\"8a4542c\" data-element_type=\"column\" data-e-type=\"column\">\n\t\t\t<div class=\"elementor-widget-wrap elementor-element-populated\">\n\t\t\t\t\t\t<section class=\"elementor-section elementor-inner-section elementor-element elementor-element-bae3c07 elementor-section-boxed elementor-section-height-default elementor-section-height-default\" data-id=\"bae3c07\" data-element_type=\"section\" data-e-type=\"section\" data-settings=\"{&quot;_ha_eqh_enable&quot;:false}\">\n\t\t\t\t\t\t<div class=\"elementor-container elementor-column-gap-default\">\n\t\t\t\t\t<div class=\"elementor-column elementor-col-100 elementor-inner-column elementor-element elementor-element-323aae0\" data-id=\"323aae0\" data-element_type=\"column\" data-e-type=\"column\">\n\t\t\t<div class=\"elementor-widget-wrap elementor-element-populated\">\n\t\t\t\t\t\t<div class=\"elementor-element elementor-element-d273b40 dce_masking-none elementor-widget elementor-widget-image\" data-id=\"d273b40\" data-element_type=\"widget\" data-e-type=\"widget\" data-widget_type=\"image.default\">\n\t\t\t\t<div class=\"elementor-widget-container\">\n\t\t\t\t\t\t\t\t\t\t\t\t\t\t\t<img fetchpriority=\"high\" decoding=\"async\" width=\"256\" height=\"256\" src=\"https:\/\/selftherapie.com\/wp-content\/uploads\/2020\/12\/44535153.png\" class=\"attachment-large size-large wp-image-2499\" alt=\"\" srcset=\"https:\/\/selftherapie.com\/wp-content\/uploads\/2020\/12\/44535153.png 256w, https:\/\/selftherapie.com\/wp-content\/uploads\/2020\/12\/44535153-150x150.png 150w\" sizes=\"(max-width: 256px) 100vw, 256px\" \/>\t\t\t\t\t\t\t\t\t\t\t\t\t\t\t<\/div>\n\t\t\t\t<\/div>\n\t\t\t\t<div class=\"elementor-element elementor-element-e2a9f45 ha-layout-block ha-align-center elementor-widget elementor-widget-ha-advanced-heading happy-addon ha-advanced-heading happy-addon-pro\" data-id=\"e2a9f45\" data-element_type=\"widget\" data-e-type=\"widget\" data-widget_type=\"ha-advanced-heading.default\">\n\t\t\t\t<div class=\"elementor-widget-container\">\n\t\t\t\t\t\n\t\t<h2 class=\"ha-advanced-heading-tag\">\n\t\t\t\t\t\t<div class=\"ha-advanced-heading-wrap\" data-background-text=\"\">\n\t\t\t\t<span class=\"ha-advanced-heading-before\">Resources<\/span>\n\t\t\t\t<span class=\"ha-advanced-heading-center\">in english<\/span>\n\t\t\t\t<span class=\"ha-advanced-heading-after\">-<\/span>\n\t\t\t\t<span class=\"ha-advanced-heading-border\"><\/span>\n\t\t\t<\/div>\n\t\t\t\t\t<\/h2>\n\n\t\t\t\t\t\t<\/div>\n\t\t\t\t<\/div>\n\t\t\t\t\t<\/div>\n\t\t<\/div>\n\t\t\t\t\t<\/div>\n\t\t<\/section>\n\t\t\t\t\t<\/div>\n\t\t<\/div>\n\t\t\t\t\t<\/div>\n\t\t<\/section>\n\t\t\t\t<section class=\"elementor-section elementor-top-section elementor-element elementor-element-af02fe2 elementor-section-boxed elementor-section-height-default elementor-section-height-default\" data-id=\"af02fe2\" data-element_type=\"section\" data-e-type=\"section\" data-settings=\"{&quot;_ha_eqh_enable&quot;:false}\">\n\t\t\t\t\t\t<div class=\"elementor-container elementor-column-gap-default\">\n\t\t\t\t\t<div class=\"elementor-column elementor-col-100 elementor-top-column elementor-element elementor-element-8d9a2fe\" data-id=\"8d9a2fe\" data-element_type=\"column\" data-e-type=\"column\">\n\t\t\t<div class=\"elementor-widget-wrap elementor-element-populated\">\n\t\t\t\t\t\t<div class=\"elementor-element elementor-element-78b1093 elementor-widget elementor-widget-heading\" data-id=\"78b1093\" data-element_type=\"widget\" data-e-type=\"widget\" data-widget_type=\"heading.default\">\n\t\t\t\t<div class=\"elementor-widget-container\">\n\t\t\t\t\t<h2 class=\"elementor-heading-title elementor-size-default\">On this page you will find various publications <br> about the Relational Intelligence\u00ae model<\/h2>\t\t\t\t<\/div>\n\t\t\t\t<\/div>\n\t\t\t\t\t<\/div>\n\t\t<\/div>\n\t\t\t\t\t<\/div>\n\t\t<\/section>\n\t\t\t\t<section class=\"elementor-section elementor-top-section elementor-element elementor-element-44d7b1d elementor-section-boxed elementor-section-height-default elementor-section-height-default\" data-id=\"44d7b1d\" data-element_type=\"section\" data-e-type=\"section\" data-settings=\"{&quot;_ha_eqh_enable&quot;:false}\">\n\t\t\t\t\t\t<div class=\"elementor-container elementor-column-gap-default\">\n\t\t\t\t\t<div class=\"elementor-column elementor-col-100 elementor-top-column elementor-element elementor-element-e3db668\" data-id=\"e3db668\" data-element_type=\"column\" data-e-type=\"column\">\n\t\t\t<div class=\"elementor-widget-wrap elementor-element-populated\">\n\t\t\t\t\t\t<section class=\"elementor-section elementor-inner-section elementor-element elementor-element-55ebb93 elementor-section-boxed elementor-section-height-default elementor-section-height-default\" data-id=\"55ebb93\" data-element_type=\"section\" data-e-type=\"section\" data-settings=\"{&quot;background_background&quot;:&quot;classic&quot;,&quot;_ha_eqh_enable&quot;:false}\">\n\t\t\t\t\t\t<div class=\"elementor-container elementor-column-gap-default\">\n\t\t\t\t\t<div class=\"elementor-column elementor-col-50 elementor-inner-column elementor-element elementor-element-fa63a37\" data-id=\"fa63a37\" data-element_type=\"column\" data-e-type=\"column\">\n\t\t\t<div class=\"elementor-widget-wrap elementor-element-populated\">\n\t\t\t\t\t\t<div class=\"elementor-element elementor-element-9d8d982 elementor-widget elementor-widget-text-editor\" data-id=\"9d8d982\" data-element_type=\"widget\" data-e-type=\"widget\" data-widget_type=\"text-editor.default\">\n\t\t\t\t<div class=\"elementor-widget-container\">\n\t\t\t\t\t\t\t\t\t<p>Podcast with <strong>Tammy Sollenberger<\/strong><\/p>\t\t\t\t\t\t\t\t<\/div>\n\t\t\t\t<\/div>\n\t\t\t\t\t<\/div>\n\t\t<\/div>\n\t\t\t\t<div class=\"elementor-column elementor-col-50 elementor-inner-column elementor-element elementor-element-dcb3028\" data-id=\"dcb3028\" data-element_type=\"column\" data-e-type=\"column\">\n\t\t\t<div class=\"elementor-widget-wrap elementor-element-populated\">\n\t\t\t\t\t\t<div class=\"elementor-element elementor-element-295017c elementor-align-right elementor-widget elementor-widget-button\" data-id=\"295017c\" data-element_type=\"widget\" data-e-type=\"widget\" data-widget_type=\"button.default\">\n\t\t\t\t<div class=\"elementor-widget-container\">\n\t\t\t\t\t\t\t\t\t<div class=\"elementor-button-wrapper\">\n\t\t\t\t\t<a class=\"elementor-button elementor-button-link elementor-size-sm\" href=\"https:\/\/tammysollenberger.com\/ifs-and-relational-intelligence-with-francois-le-doze\/\">\n\t\t\t\t\t\t<span class=\"elementor-button-content-wrapper\">\n\t\t\t\t\t\t\t\t\t<span class=\"elementor-button-text\">Link<\/span>\n\t\t\t\t\t<\/span>\n\t\t\t\t\t<\/a>\n\t\t\t\t<\/div>\n\t\t\t\t\t\t\t\t<\/div>\n\t\t\t\t<\/div>\n\t\t\t\t\t<\/div>\n\t\t<\/div>\n\t\t\t\t\t<\/div>\n\t\t<\/section>\n\t\t\t\t\t<\/div>\n\t\t<\/div>\n\t\t\t\t\t<\/div>\n\t\t<\/section>\n\t\t\t\t<section class=\"elementor-section elementor-top-section elementor-element elementor-element-8f0dc85 elementor-section-boxed elementor-section-height-default elementor-section-height-default\" data-id=\"8f0dc85\" data-element_type=\"section\" data-e-type=\"section\" data-settings=\"{&quot;_ha_eqh_enable&quot;:false}\">\n\t\t\t\t\t\t<div class=\"elementor-container elementor-column-gap-default\">\n\t\t\t\t\t<div class=\"elementor-column elementor-col-100 elementor-top-column elementor-element elementor-element-3b2fc8c\" data-id=\"3b2fc8c\" data-element_type=\"column\" data-e-type=\"column\">\n\t\t\t<div class=\"elementor-widget-wrap elementor-element-populated\">\n\t\t\t\t\t\t<div class=\"elementor-element elementor-element-fe8b90a elementor-widget elementor-widget-bdt-video-gallery\" data-id=\"fe8b90a\" data-element_type=\"widget\" data-e-type=\"widget\" data-widget_type=\"bdt-video-gallery.default\">\n\t\t\t\t<div class=\"elementor-widget-container\">\n\t\t\t\t\t\t\t\t\t<div class=\"bdt-video-gallery rvs-container rvs-flat-circle-play rvs-show-play-on-hover rvs-continuous-play rvs-hide-credits\">\n\t\t\t\t\t<div class=\"rvs-item-container\">\n\t\t\t\t\t\t<div class=\"rvs-item-stage\">\n\t\t\t\t\t\t\t\t\t\t<!-- items go here -->\n\t\t\t<div class=\"rvs-item\" style=\"background-image: url(https:\/\/selftherapie.com\/wp-content\/uploads\/2024\/10\/Capture-decran-2024-10-24-090651.png)\">\n\n\t\t\t\t\t\t\t\t\t<div class=\"rvs-item-text\">\n\n\t\t\t\t\t\t\t\t\t\t\t\t\t<h2\t\t\t\t\t\t\t\tclass=\"bdt-vg-video-title\">\n\t\t\t\t\t\t\t\tInterview with Dr. Francois Le Doze - Healing Our Deepest Wounds Through Relational Intelligence\t\t\t\t\t\t\t<\/h2>\n\t\t\t\t\t\t\n\t\t\t\t\t\t\t\t\t\t\t\t\t<div class=\"bdt-vg-video-desc\">\n\t\t\t\t\t\t\t\tWomen typing kIn this episode, Dr. Steve Chee speaks with Dr. Francois Le Doze, former neurologist and IFS lead trainer, about his personal healing journey and how it led to the development of the Relational Intelligence model. They discuss key insights into healing deep emotional wounds, the role of relationships in trauma recovery, and how \"blending\" (or being in certain states) in IFS can be one of the biggest challenges we face. Dr. Le Doze shares his approach to healing through the power of connection, integrating IFS with polyvagal theory and Self-led co-regulation.\t\t\t\t\t\t\t<\/div>\n\t\t\t\t\t\t\n\t\t\t\t\t<\/div>\n\t\t\t\t\n\t\t\t\t<a href=\"https:\/\/www.youtube.com\/watch?v=AYRCFPxGon0\" class=\"rvs-play-video\"><\/a>\n\t\t\t<\/div>\n\n\t\t\t\t\t<!-- items go here -->\n\t\t\t<div class=\"rvs-item\" style=\"background-image: url(https:\/\/img.youtube.com\/vi\/d1XnOSaEKEc\/maxresdefault.jpg)\">\n\n\t\t\t\t\t\t\t\t\t<div class=\"rvs-item-text\">\n\n\t\t\t\t\t\t\t\t\t\t\t\t\t<h2\t\t\t\t\t\t\t\tclass=\"bdt-vg-video-title\">\n\t\t\t\t\t\t\t\tFRANCOIS LEDOZE &amp; DERDRE FAY\t\t\t\t\t\t\t<\/h2>\n\t\t\t\t\t\t\n\t\t\t\t\t\t\t\t\t\t\t\t\t<div class=\"bdt-vg-video-desc\">\n\t\t\t\t\t\t\t\tWomen typing keyboard\t\t\t\t\t\t\t<\/div>\n\t\t\t\t\t\t\n\t\t\t\t\t<\/div>\n\t\t\t\t\n\t\t\t\t<a href=\"https:\/\/www.youtube.com\/watch?v=d1XnOSaEKEc\" class=\"rvs-play-video\"><\/a>\n\t\t\t<\/div>\n\n\t\t\t\t\t<!-- items go here -->\n\t\t\t<div class=\"rvs-item\" style=\"background-image: url(https:\/\/img.youtube.com\/vi\/nwMTue5-hnc\/maxresdefault.jpg)\">\n\n\t\t\t\t\t\t\t\t\t<div class=\"rvs-item-text\">\n\n\t\t\t\t\t\t\t\t\t\t\t\t\t<h2\t\t\t\t\t\t\t\tclass=\"bdt-vg-video-title\">\n\t\t\t\t\t\t\t\tFrancois Le Doze &amp; Relational Intelligence\t\t\t\t\t\t\t<\/h2>\n\t\t\t\t\t\t\n\t\t\t\t\t\t\t\t\t\t\t\t\t<div class=\"bdt-vg-video-desc\">\n\t\t\t\t\t\t\t\t\t\t\t\t\t\t\t<\/div>\n\t\t\t\t\t\t\n\t\t\t\t\t<\/div>\n\t\t\t\t\n\t\t\t\t<a href=\"https:\/\/www.youtube.com\/watch?v=nwMTue5-hnc\" class=\"rvs-play-video\"><\/a>\n\t\t\t<\/div>\n\n\t\t\t\t\t<!-- items go here -->\n\t\t\t<div class=\"rvs-item\" style=\"background-image: url(https:\/\/img.youtube.com\/vi\/pG0XR5JSJsk\/maxresdefault.jpg)\">\n\n\t\t\t\t\t\t\t\t\t<div class=\"rvs-item-text\">\n\n\t\t\t\t\t\t\t\t\t\t\t\t\t<h2\t\t\t\t\t\t\t\tclass=\"bdt-vg-video-title\">\n\t\t\t\t\t\t\t\tIFS and Relational Intelligence with Fran\u00e7ois Le Doze\t\t\t\t\t\t\t<\/h2>\n\t\t\t\t\t\t\n\t\t\t\t\t\t\t\t\t\t\t\t\t<div class=\"bdt-vg-video-desc\">\n\t\t\t\t\t\t\t\tOn today's episode I chat with Dr. Fran\u00e7ois Le Doze, MD. He is a psychotherapist, an IFS therapist, and trainer and has been a neurologist for nearly thirty years in a teaching Hospital in Caen, France. He has always been interested in the relationship between the body and mind, and his knowledge of neuroscience allows him to integrate recent neuroscientific findings into his psychotherapy practice. He's actively developing a model of psychotherapy called Relational Intelligence\u00ae based on his clinical experience and expertise.\t\t\t\t\t\t\t<\/div>\n\t\t\t\t\t\t\n\t\t\t\t\t<\/div>\n\t\t\t\t\n\t\t\t\t<a href=\"https:\/\/www.youtube.com\/watch?v=pG0XR5JSJsk\" class=\"rvs-play-video\"><\/a>\n\t\t\t<\/div>\n\n\t\t\n\n\t\t<\/div>\n\t\t<\/div>\n\n\t\t\t\t\t<div class=\"rvs-nav-container\">\n\t\t\t\t<a class=\"rvs-nav-prev\"><\/a>\n\t\t\t\t<div class=\"rvs-nav-stage\">\n\n\t\t\t\t\t\t\t\t\t\t\t<!-- nav items go here -->\n\t\t\t\t\t\t<a class=\"rvs-nav-item\">\n\n\t\t\t\t\t\t\t\t\t\t\t\t\t\t\t<span class=\"rvs-nav-item-thumb\"\n\t\t\t\t\t\t\t\t\tstyle=\"background-image: url(https:\/\/selftherapie.com\/wp-content\/uploads\/2024\/10\/Capture-decran-2024-10-24-090651.png)\"><\/span>\n\t\t\t\t\t\t\t\n\t\t\t\t\t\t\t\t\t\t\t\t\t\t\t<h4\t\t\t\t\t\t\t\t\tclass=\"rvs-nav-item-title\" title=\"\t\t\t\t\t\t\t\t\tInterview with Dr. Francois Le Doze - Healing Our Deepest Wounds Through Relational Intelligence\">\n\t\t\t\t\t\t\t\t\tInterview with Dr. Francois Le Doze - Healing Our Deepest Wounds Through Relational Intelligence\t\t\t\t\t\t\t\t<\/h4>\n\t\t\t\t\t\t\t\n\t\t\t\t\t\t\t\t\t\t\t\t\t<\/a>\n\n\t\t\t\t\t\t\t\t\t\t\t<!-- nav items go here -->\n\t\t\t\t\t\t<a class=\"rvs-nav-item\">\n\n\t\t\t\t\t\t\t\t\t\t\t\t\t\t\t<span class=\"rvs-nav-item-thumb\"\n\t\t\t\t\t\t\t\t\tstyle=\"background-image: url(https:\/\/img.youtube.com\/vi\/d1XnOSaEKEc\/default.jpg)\"><\/span>\n\t\t\t\t\t\t\t\n\t\t\t\t\t\t\t\t\t\t\t\t\t\t\t<h4\t\t\t\t\t\t\t\t\tclass=\"rvs-nav-item-title\" title=\"\t\t\t\t\t\t\t\t\tFRANCOIS LEDOZE &amp; DERDRE FAY\">\n\t\t\t\t\t\t\t\t\tFRANCOIS LEDOZE &amp; DERDRE FAY\t\t\t\t\t\t\t\t<\/h4>\n\t\t\t\t\t\t\t\n\t\t\t\t\t\t\t\t\t\t\t\t\t<\/a>\n\n\t\t\t\t\t\t\t\t\t\t\t<!-- nav items go here -->\n\t\t\t\t\t\t<a class=\"rvs-nav-item\">\n\n\t\t\t\t\t\t\t\t\t\t\t\t\t\t\t<span class=\"rvs-nav-item-thumb\"\n\t\t\t\t\t\t\t\t\tstyle=\"background-image: url(https:\/\/img.youtube.com\/vi\/nwMTue5-hnc\/default.jpg)\"><\/span>\n\t\t\t\t\t\t\t\n\t\t\t\t\t\t\t\t\t\t\t\t\t\t\t<h4\t\t\t\t\t\t\t\t\tclass=\"rvs-nav-item-title\" title=\"\t\t\t\t\t\t\t\t\tFrancois Le Doze &amp; Relational Intelligence\">\n\t\t\t\t\t\t\t\t\tFrancois Le Doze &amp; Relational Intelligence\t\t\t\t\t\t\t\t<\/h4>\n\t\t\t\t\t\t\t\n\t\t\t\t\t\t\t\t\t\t\t\t\t<\/a>\n\n\t\t\t\t\t\t\t\t\t\t\t<!-- nav items go here -->\n\t\t\t\t\t\t<a class=\"rvs-nav-item\">\n\n\t\t\t\t\t\t\t\t\t\t\t\t\t\t\t<span class=\"rvs-nav-item-thumb\"\n\t\t\t\t\t\t\t\t\tstyle=\"background-image: url(https:\/\/img.youtube.com\/vi\/pG0XR5JSJsk\/default.jpg)\"><\/span>\n\t\t\t\t\t\t\t\n\t\t\t\t\t\t\t\t\t\t\t\t\t\t\t<h4\t\t\t\t\t\t\t\t\tclass=\"rvs-nav-item-title\" title=\"\t\t\t\t\t\t\t\t\tIFS and Relational Intelligence with Fran\u00e7ois Le Doze\">\n\t\t\t\t\t\t\t\t\tIFS and Relational Intelligence with Fran\u00e7ois Le Doze\t\t\t\t\t\t\t\t<\/h4>\n\t\t\t\t\t\t\t\n\t\t\t\t\t\t\t\t\t\t\t\t\t<\/a>\n\n\t\t\t\t\t\n\t\t\t\t\t\t\t\t\t\t<\/div>\n\t\t\t\t\t\t<a class=\"rvs-nav-next\"><\/a>\n\t\t\t\t\t<\/div>\n\t\t\t\t<\/div>\n\t\t\t\t\t\t\t\t<\/div>\n\t\t\t\t<\/div>\n\t\t\t\t\t<\/div>\n\t\t<\/div>\n\t\t\t\t\t<\/div>\n\t\t<\/section>\n\t\t\t\t<\/div>","protected":false},"excerpt":{"rendered":"<p>Quelques ressources en anglais \u00e0 propos du mod\u00e8le Sur cette page figurent diff\u00e9rentes publications \u00e0 propos du mod\u00e8le Intelligence Relationelle\u00ae Podcast avec Tammy Sollenberger Lien Interview with Dr. Francois Le Doze &#8211; Healing Our Deepest Wounds Through Relational Intelligence Women typing kIn this episode, Dr. Steve Chee speaks with Dr. Francois Le Doze, former neurologist [&hellip;]<\/p>\n","protected":false},"author":1,"featured_media":0,"parent":0,"menu_order":0,"comment_status":"closed","ping_status":"closed","template":"elementor_header_footer","meta":{"_acf_changed":false,"footnotes":""},"class_list":["post-7154","page","type-page","status-publish","hentry","wpbf-post"],"acf":[],"_links":{"self":[{"href":"https:\/\/selftherapie.com\/en\/wp-json\/wp\/v2\/pages\/7154","targetHints":{"allow":["GET"]}}],"collection":[{"href":"https:\/\/selftherapie.com\/en\/wp-json\/wp\/v2\/pages"}],"about":[{"href":"https:\/\/selftherapie.com\/en\/wp-json\/wp\/v2\/types\/page"}],"author":[{"embeddable":true,"href":"https:\/\/selftherapie.com\/en\/wp-json\/wp\/v2\/users\/1"}],"replies":[{"embeddable":true,"href":"https:\/\/selftherapie.com\/en\/wp-json\/wp\/v2\/comments?post=7154"}],"version-history":[{"count":13,"href":"https:\/\/selftherapie.com\/en\/wp-json\/wp\/v2\/pages\/7154\/revisions"}],"predecessor-version":[{"id":7399,"href":"https:\/\/selftherapie.com\/en\/wp-json\/wp\/v2\/pages\/7154\/revisions\/7399"}],"wp:attachment":[{"href":"https:\/\/selftherapie.com\/en\/wp-json\/wp\/v2\/media?parent=7154"}],"curies":[{"name":"wp","href":"https:\/\/api.w.org\/{rel}","templated":true}]}}