{"id":17,"date":"2020-12-08T19:03:16","date_gmt":"2020-12-08T19:03:16","guid":{"rendered":"https:\/\/selftherapie.net\/?page_id=17"},"modified":"2024-08-29T14:54:54","modified_gmt":"2024-08-29T14:54:54","slug":"le-modele-intelligence-relationnelle","status":"publish","type":"page","link":"https:\/\/selftherapie.com\/en\/le-modele-intelligence-relationnelle\/","title":{"rendered":"The Relationship Intelligence Model"},"content":{"rendered":"<div data-elementor-type=\"wp-page\" data-elementor-id=\"17\" class=\"elementor elementor-17\" data-elementor-settings=\"{&quot;ha_cmc_init_switcher&quot;:&quot;no&quot;,&quot;element_pack_global_tooltip_width&quot;:{&quot;unit&quot;:&quot;px&quot;,&quot;size&quot;:&quot;&quot;,&quot;sizes&quot;:[]},&quot;element_pack_global_tooltip_width_tablet&quot;:{&quot;unit&quot;:&quot;px&quot;,&quot;size&quot;:&quot;&quot;,&quot;sizes&quot;:[]},&quot;element_pack_global_tooltip_width_mobile&quot;:{&quot;unit&quot;:&quot;px&quot;,&quot;size&quot;:&quot;&quot;,&quot;sizes&quot;:[]},&quot;element_pack_global_tooltip_padding&quot;:{&quot;unit&quot;:&quot;px&quot;,&quot;top&quot;:&quot;&quot;,&quot;right&quot;:&quot;&quot;,&quot;bottom&quot;:&quot;&quot;,&quot;left&quot;:&quot;&quot;,&quot;isLinked&quot;:true},&quot;element_pack_global_tooltip_padding_tablet&quot;:{&quot;unit&quot;:&quot;px&quot;,&quot;top&quot;:&quot;&quot;,&quot;right&quot;:&quot;&quot;,&quot;bottom&quot;:&quot;&quot;,&quot;left&quot;:&quot;&quot;,&quot;isLinked&quot;:true},&quot;element_pack_global_tooltip_padding_mobile&quot;:{&quot;unit&quot;:&quot;px&quot;,&quot;top&quot;:&quot;&quot;,&quot;right&quot;:&quot;&quot;,&quot;bottom&quot;:&quot;&quot;,&quot;left&quot;:&quot;&quot;,&quot;isLinked&quot;:true},&quot;element_pack_global_tooltip_border_radius&quot;:{&quot;unit&quot;:&quot;px&quot;,&quot;top&quot;:&quot;&quot;,&quot;right&quot;:&quot;&quot;,&quot;bottom&quot;:&quot;&quot;,&quot;left&quot;:&quot;&quot;,&quot;isLinked&quot;:true},&quot;element_pack_global_tooltip_border_radius_tablet&quot;:{&quot;unit&quot;:&quot;px&quot;,&quot;top&quot;:&quot;&quot;,&quot;right&quot;:&quot;&quot;,&quot;bottom&quot;:&quot;&quot;,&quot;left&quot;:&quot;&quot;,&quot;isLinked&quot;:true},&quot;element_pack_global_tooltip_border_radius_mobile&quot;:{&quot;unit&quot;:&quot;px&quot;,&quot;top&quot;:&quot;&quot;,&quot;right&quot;:&quot;&quot;,&quot;bottom&quot;:&quot;&quot;,&quot;left&quot;:&quot;&quot;,&quot;isLinked&quot;:true}}\" data-elementor-post-type=\"page\">\n\t\t\t\t\t\t<section data-dce-background-overlay-color=\"#FFFFFF\" class=\"elementor-section elementor-top-section elementor-element elementor-element-54161dc8 elementor-section-full_width elementor-section-height-min-height elementor-section-height-default elementor-section-items-middle\" data-id=\"54161dc8\" data-element_type=\"section\" data-e-type=\"section\" data-settings=\"{&quot;_ha_eqh_enable&quot;:false}\">\n\t\t\t\t\t\t\t<div class=\"elementor-background-overlay\"><\/div>\n\t\t\t\t\t\t\t<div class=\"elementor-container elementor-column-gap-default\">\n\t\t\t\t\t<div class=\"elementor-column elementor-col-100 elementor-top-column elementor-element elementor-element-28e8e702\" data-id=\"28e8e702\" data-element_type=\"column\" data-e-type=\"column\">\n\t\t\t<div class=\"elementor-widget-wrap elementor-element-populated\">\n\t\t\t\t\t\t<section class=\"elementor-section elementor-inner-section elementor-element elementor-element-71d5caef elementor-section-boxed elementor-section-height-default elementor-section-height-default\" data-id=\"71d5caef\" data-element_type=\"section\" data-e-type=\"section\" data-settings=\"{&quot;_ha_eqh_enable&quot;:false}\">\n\t\t\t\t\t\t<div class=\"elementor-container elementor-column-gap-default\">\n\t\t\t\t\t<div class=\"elementor-column elementor-col-50 elementor-inner-column elementor-element elementor-element-5dc5e16a\" data-id=\"5dc5e16a\" data-element_type=\"column\" data-e-type=\"column\">\n\t\t\t<div class=\"elementor-widget-wrap elementor-element-populated\">\n\t\t\t\t\t\t<div class=\"elementor-element elementor-element-3e300a57 ha-align-center ha-layout-block elementor-widget elementor-widget-ha-advanced-heading happy-addon ha-advanced-heading happy-addon-pro\" data-id=\"3e300a57\" data-element_type=\"widget\" data-e-type=\"widget\" data-widget_type=\"ha-advanced-heading.default\">\n\t\t\t\t<div class=\"elementor-widget-container\">\n\t\t\t\t\t\n\t\t<h2 class=\"ha-advanced-heading-tag\">\n\t\t\t\t\t\t<div class=\"ha-advanced-heading-wrap\" data-background-text=\"\">\n\t\t\t\t<span class=\"ha-advanced-heading-before\">The<\/span>\n\t\t\t\t<span class=\"ha-advanced-heading-center\">Relational Intelligence\u00ae<\/span>\n\t\t\t\t<span class=\"ha-advanced-heading-after\">model<\/span>\n\t\t\t\t<span class=\"ha-advanced-heading-border\"><\/span>\n\t\t\t<\/div>\n\t\t\t\t\t<\/h2>\n\n\t\t\t\t\t\t<\/div>\n\t\t\t\t<\/div>\n\t\t\t\t\t<\/div>\n\t\t<\/div>\n\t\t\t\t<div class=\"elementor-column elementor-col-50 elementor-inner-column elementor-element elementor-element-7e95d4a3\" data-id=\"7e95d4a3\" data-element_type=\"column\" data-e-type=\"column\">\n\t\t\t<div class=\"elementor-widget-wrap elementor-element-populated\">\n\t\t\t\t\t\t<div class=\"elementor-element elementor-element-1079548c dce_masking-none elementor-widget elementor-widget-image\" data-id=\"1079548c\" data-element_type=\"widget\" data-e-type=\"widget\" data-widget_type=\"image.default\">\n\t\t\t\t<div class=\"elementor-widget-container\">\n\t\t\t\t\t\t\t\t\t\t\t\t\t\t\t<img fetchpriority=\"high\" decoding=\"async\" width=\"300\" height=\"207\" src=\"https:\/\/selftherapie.com\/wp-content\/uploads\/2024\/08\/Logotype_web_300-dpi-1-300x207.png\" class=\"attachment-medium size-medium wp-image-6406\" alt=\"\" srcset=\"https:\/\/selftherapie.com\/wp-content\/uploads\/2024\/08\/Logotype_web_300-dpi-1-300x207.png 300w, https:\/\/selftherapie.com\/wp-content\/uploads\/2024\/08\/Logotype_web_300-dpi-1-1024x707.png 1024w, https:\/\/selftherapie.com\/wp-content\/uploads\/2024\/08\/Logotype_web_300-dpi-1-768x531.png 768w, https:\/\/selftherapie.com\/wp-content\/uploads\/2024\/08\/Logotype_web_300-dpi-1-1536x1061.png 1536w, https:\/\/selftherapie.com\/wp-content\/uploads\/2024\/08\/Logotype_web_300-dpi-1-2048x1415.png 2048w, https:\/\/selftherapie.com\/wp-content\/uploads\/2024\/08\/Logotype_web_300-dpi-1-18x12.png 18w\" sizes=\"(max-width: 300px) 100vw, 300px\" \/>\t\t\t\t\t\t\t\t\t\t\t\t\t\t\t<\/div>\n\t\t\t\t<\/div>\n\t\t\t\t\t<\/div>\n\t\t<\/div>\n\t\t\t\t\t<\/div>\n\t\t<\/section>\n\t\t\t\t\t<\/div>\n\t\t<\/div>\n\t\t\t\t\t<\/div>\n\t\t<\/section>\n\t\t\t\t<section class=\"elementor-section elementor-top-section elementor-element elementor-element-7dc4cb32 elementor-section-boxed elementor-section-height-default elementor-section-height-default\" data-id=\"7dc4cb32\" data-element_type=\"section\" data-e-type=\"section\" data-settings=\"{&quot;_ha_eqh_enable&quot;:false}\">\n\t\t\t\t\t\t<div class=\"elementor-container elementor-column-gap-default\">\n\t\t\t\t\t<div class=\"elementor-column elementor-col-100 elementor-top-column elementor-element elementor-element-651f741\" data-id=\"651f741\" data-element_type=\"column\" data-e-type=\"column\">\n\t\t\t<div class=\"elementor-widget-wrap elementor-element-populated\">\n\t\t\t\t\t\t<div class=\"elementor-element elementor-element-46ed4d6c elementor-align-center elementor-widget elementor-widget-bdt-advanced-button\" data-id=\"46ed4d6c\" data-element_type=\"widget\" data-e-type=\"widget\" data-widget_type=\"bdt-advanced-button.default\">\n\t\t\t\t<div class=\"elementor-widget-container\">\n\t\t\t\t\t\t\t<div class=\"bdt-ep-button-wrapper\">\n\t\t\t<a href=\"\/en\/fondements-du-modele\/\" class=\"bdt-ep-button bdt-ep-button-effect-a bdt-ep-button-size-md\">\n\t\t\t\t\t\t<div class=\"bdt-ep-button-content-wrapper bdt-flex bdt-flex-middle bdt-flex-center\" data-text=\"En savoir plus\">\n\t\t\t\n\t\t\t<div class=\"bdt-ep-button-text\">\n\n\t\t\t\t<span class=\"avdbtn-text\">\n\t\t\t\t\tKnow more\t\t\t\t<\/span>\n\n\t\t\t\t\t\t\t<\/div>\n\n\t\t\t\n\t\t<\/div>\n\t\t\t\t\t<\/a>\n\t\t<\/div>\n\t\t\t\t\t\t<\/div>\n\t\t\t\t<\/div>\n\t\t\t\t<div class=\"elementor-element elementor-element-2ca96831 elementor-widget elementor-widget-text-editor\" data-id=\"2ca96831\" data-element_type=\"widget\" data-e-type=\"widget\" data-widget_type=\"text-editor.default\">\n\t\t\t\t<div class=\"elementor-widget-container\">\n\t\t\t\t\t\t\t\t\t<p><strong>Relational Intelligence<sup>\u00ae<\/sup><\/strong> is a therapy that relies on the relational dynamics between patient and therapist, as well as in the patient him\/herself, to resolve psychic conflicts and relational difficulties. This method not only treats complex psychological traumas, but also the attachment disorders that are very often associated with them and pre-existing.<\/p><p><strong>Relational Intelligence<sup>\u00ae<\/sup><\/strong> has been developed on the basis of recent neuroscientific data on attachment and the inclusion of neuroplasticity in the therapeutic process.<\/p><p><strong>Relational Intelligence<sup>\u00ae<\/sup><\/strong> provides a theoretical and practical framework for addressing the spectrum of attachment disorders and complex trauma through the flexible use of co-regulation and self-regulation.<\/p><p>This model is intended for mental health professionals (psychiatrists, psychologists, psychotherapists, psycho-practitioners), individual support in a transformative approach (coaches, mediators, trainers, marriage counselors, teachers, educators, etc.), people in human resource management, professionals in the care professions, and people who are training in one of these professions.<\/p>\t\t\t\t\t\t\t\t<\/div>\n\t\t\t\t<\/div>\n\t\t\t\t\t<\/div>\n\t\t<\/div>\n\t\t\t\t\t<\/div>\n\t\t<\/section>\n\t\t\t\t<section class=\"elementor-section elementor-top-section elementor-element elementor-element-6cc8a3c0 elementor-section-height-min-height elementor-section-full_width elementor-section-height-default elementor-section-items-middle\" data-id=\"6cc8a3c0\" data-element_type=\"section\" data-e-type=\"section\" data-settings=\"{&quot;background_background&quot;:&quot;classic&quot;,&quot;shape_divider_top&quot;:&quot;waves&quot;,&quot;shape_divider_bottom&quot;:&quot;mountains&quot;,&quot;_ha_eqh_enable&quot;:false}\">\n\t\t\t\t\t<div class=\"elementor-shape elementor-shape-top\" aria-hidden=\"true\" data-negative=\"false\">\n\t\t\t<svg xmlns=\"http:\/\/www.w3.org\/2000\/svg\" viewbox=\"0 0 1000 100\" preserveaspectratio=\"none\">\n\t<path class=\"elementor-shape-fill\" d=\"M421.9,6.5c22.6-2.5,51.5,0.4,75.5,5.3c23.6,4.9,70.9,23.5,100.5,35.7c75.8,32.2,133.7,44.5,192.6,49.7\tc23.6,2.1,48.7,3.5,103.4-2.5c54.7-6,106.2-25.6,106.2-25.6V0H0v30.3c0,0,72,32.6,158.4,30.5c39.2-0.7,92.8-6.7,134-22.4\tc21.2-8.1,52.2-18.2,79.7-24.2C399.3,7.9,411.6,7.5,421.9,6.5z\"\/>\n<\/svg>\t\t<\/div>\n\t\t\t\t<div class=\"elementor-shape elementor-shape-bottom\" aria-hidden=\"true\" data-negative=\"false\">\n\t\t\t<svg xmlns=\"http:\/\/www.w3.org\/2000\/svg\" viewbox=\"0 0 1000 100\" preserveaspectratio=\"none\">\n\t<path class=\"elementor-shape-fill\" opacity=\"0.33\" d=\"M473,67.3c-203.9,88.3-263.1-34-320.3,0C66,119.1,0,59.7,0,59.7V0h1000v59.7 c0,0-62.1,26.1-94.9,29.3c-32.8,3.3-62.8-12.3-75.8-22.1C806,49.6,745.3,8.7,694.9,4.7S492.4,59,473,67.3z\"\/>\n\t<path class=\"elementor-shape-fill\" opacity=\"0.66\" d=\"M734,67.3c-45.5,0-77.2-23.2-129.1-39.1c-28.6-8.7-150.3-10.1-254,39.1 s-91.7-34.4-149.2,0C115.7,118.3,0,39.8,0,39.8V0h1000v36.5c0,0-28.2-18.5-92.1-18.5C810.2,18.1,775.7,67.3,734,67.3z\"\/>\n\t<path class=\"elementor-shape-fill\" d=\"M766.1,28.9c-200-57.5-266,65.5-395.1,19.5C242,1.8,242,5.4,184.8,20.6C128,35.8,132.3,44.9,89.9,52.5C28.6,63.7,0,0,0,0 h1000c0,0-9.9,40.9-83.6,48.1S829.6,47,766.1,28.9z\"\/>\n<\/svg>\t\t<\/div>\n\t\t\t\t\t<div class=\"elementor-container elementor-column-gap-default\">\n\t\t\t\t\t<div class=\"elementor-column elementor-col-100 elementor-top-column elementor-element elementor-element-38ca2644\" data-id=\"38ca2644\" data-element_type=\"column\" data-e-type=\"column\">\n\t\t\t<div class=\"elementor-widget-wrap elementor-element-populated\">\n\t\t\t\t\t\t<section class=\"elementor-section elementor-inner-section elementor-element elementor-element-3dd4942 elementor-section-full_width elementor-section-height-default elementor-section-height-default\" data-id=\"3dd4942\" data-element_type=\"section\" data-e-type=\"section\" data-settings=\"{&quot;_ha_eqh_enable&quot;:false}\">\n\t\t\t\t\t\t<div class=\"elementor-container elementor-column-gap-default\">\n\t\t\t\t\t<div class=\"elementor-column elementor-col-100 elementor-inner-column elementor-element elementor-element-1d3c720b\" data-id=\"1d3c720b\" data-element_type=\"column\" data-e-type=\"column\">\n\t\t\t<div class=\"elementor-widget-wrap\">\n\t\t\t\t\t\t\t<\/div>\n\t\t<\/div>\n\t\t\t\t\t<\/div>\n\t\t<\/section>\n\t\t\t\t<section class=\"elementor-section elementor-inner-section elementor-element elementor-element-517a7753 elementor-section-full_width elementor-section-height-default elementor-section-height-default\" data-id=\"517a7753\" data-element_type=\"section\" data-e-type=\"section\" data-settings=\"{&quot;_ha_eqh_enable&quot;:false}\">\n\t\t\t\t\t\t<div class=\"elementor-container elementor-column-gap-default\">\n\t\t\t\t\t<div class=\"elementor-column elementor-col-100 elementor-inner-column elementor-element elementor-element-6546310c\" data-id=\"6546310c\" data-element_type=\"column\" data-e-type=\"column\">\n\t\t\t<div class=\"elementor-widget-wrap\">\n\t\t\t\t\t\t\t<\/div>\n\t\t<\/div>\n\t\t\t\t\t<\/div>\n\t\t<\/section>\n\t\t\t\t\t<\/div>\n\t\t<\/div>\n\t\t\t\t\t<\/div>\n\t\t<\/section>\n\t\t\t\t<section class=\"elementor-section elementor-top-section elementor-element elementor-element-ca52fa4 elementor-section-boxed elementor-section-height-default elementor-section-height-default\" data-id=\"ca52fa4\" data-element_type=\"section\" data-e-type=\"section\" data-settings=\"{&quot;_ha_eqh_enable&quot;:false}\">\n\t\t\t\t\t\t<div class=\"elementor-container elementor-column-gap-default\">\n\t\t\t\t\t<div class=\"elementor-column elementor-col-100 elementor-top-column elementor-element elementor-element-3b71cdac\" data-id=\"3b71cdac\" data-element_type=\"column\" data-e-type=\"column\">\n\t\t\t<div class=\"elementor-widget-wrap elementor-element-populated\">\n\t\t\t\t\t\t<div class=\"elementor-element elementor-element-de8708f ha-align-center ha-layout-block elementor-widget elementor-widget-ha-advanced-heading happy-addon ha-advanced-heading happy-addon-pro\" data-id=\"de8708f\" data-element_type=\"widget\" data-e-type=\"widget\" data-widget_type=\"ha-advanced-heading.default\">\n\t\t\t\t<div class=\"elementor-widget-container\">\n\t\t\t\t\t\n\t\t<h2 class=\"ha-advanced-heading-tag\">\n\t\t\t\t\t\t<div class=\"ha-advanced-heading-wrap\" data-background-text=\"\">\n\t\t\t\t<span class=\"ha-advanced-heading-before\">The two<\/span>\n\t\t\t\t<span class=\"ha-advanced-heading-center\">pillars<\/span>\n\t\t\t\t<span class=\"ha-advanced-heading-after\">of the model<\/span>\n\t\t\t\t<span class=\"ha-advanced-heading-border\"><\/span>\n\t\t\t<\/div>\n\t\t\t\t\t<\/h2>\n\n\t\t\t\t\t\t<\/div>\n\t\t\t\t<\/div>\n\t\t\t\t\t<\/div>\n\t\t<\/div>\n\t\t\t\t\t<\/div>\n\t\t<\/section>\n\t\t\t\t<section class=\"elementor-section elementor-top-section elementor-element elementor-element-f9d66f3 elementor-section-boxed elementor-section-height-default elementor-section-height-default\" data-id=\"f9d66f3\" data-element_type=\"section\" data-e-type=\"section\" data-settings=\"{&quot;_ha_eqh_enable&quot;:false}\">\n\t\t\t\t\t\t<div class=\"elementor-container elementor-column-gap-wider\">\n\t\t\t\t\t<div class=\"elementor-column elementor-col-50 elementor-top-column elementor-element elementor-element-4e0459e\" data-id=\"4e0459e\" data-element_type=\"column\" data-e-type=\"column\">\n\t\t\t<div class=\"elementor-widget-wrap elementor-element-populated\">\n\t\t\t\t\t\t<div data-dce-title-color=\"solid\" class=\"elementor-element elementor-element-6811477e text-center elementor-widget elementor-widget-tp-heading-title\" data-id=\"6811477e\" data-element_type=\"widget\" data-e-type=\"widget\" data-widget_type=\"tp-heading-title.default\">\n\t\t\t\t<div class=\"elementor-widget-container\">\n\t\t\t\t\t<div class=\"heading heading_style heading_style6a00e53736cf8 style-1\"  data-tp-gsap-heading-text=\"\" data-tp-gsap-sub-heading-text=\"\"><div class=\"sub-style\"  ><div class=\"head-title\" > <h2  class=\"heading-title\"   data-hover=\"Cr\u00e9er les conditions de\">Creating the conditions<span class=\"title-s\"> for self-regulation <\/span><\/h2><\/div><div class=\"sub-heading\"><h3 class=\"heading-sub-title\"> Working with the parts and the Self <\/h3><\/div><\/div><\/div>\t\t\t\t<\/div>\n\t\t\t\t<\/div>\n\t\t\t\t<div class=\"elementor-element elementor-element-1e5bcfb3 dce_masking-none elementor-widget elementor-widget-image\" data-id=\"1e5bcfb3\" data-element_type=\"widget\" data-e-type=\"widget\" data-widget_type=\"image.default\">\n\t\t\t\t<div class=\"elementor-widget-container\">\n\t\t\t\t\t\t\t\t\t\t\t\t\t\t\t<img decoding=\"async\" width=\"150\" height=\"150\" src=\"https:\/\/selftherapie.com\/wp-content\/uploads\/2024\/08\/Vignette-1.jpg\" class=\"attachment-medium_large size-medium_large wp-image-6413\" alt=\"\" srcset=\"https:\/\/selftherapie.com\/wp-content\/uploads\/2024\/08\/Vignette-1.jpg 150w, https:\/\/selftherapie.com\/wp-content\/uploads\/2024\/08\/Vignette-1-12x12.jpg 12w\" sizes=\"(max-width: 150px) 100vw, 150px\" \/>\t\t\t\t\t\t\t\t\t\t\t\t\t\t\t<\/div>\n\t\t\t\t<\/div>\n\t\t\t\t<div class=\"elementor-element elementor-element-3fe49ea9 elementor-widget elementor-widget-text-editor\" data-id=\"3fe49ea9\" data-element_type=\"widget\" data-e-type=\"widget\" data-widget_type=\"text-editor.default\">\n\t\t\t\t<div class=\"elementor-widget-container\">\n\t\t\t\t\t\t\t\t\t<p class=\"translation-block\">The Internal Family Systems (IFS) model constitutes both the psychotherapeutic basis and the reference framework for Relational Intelligence\u00ae: releasing the Self by relaxing constraints, bringing the Self into play as the primary therapist, unblending of the parts in relation to the Self, systemic work, and unburdening through memory reconsolidation.<\/p>\t\t\t\t\t\t\t\t<\/div>\n\t\t\t\t<\/div>\n\t\t\t\t\t<\/div>\n\t\t<\/div>\n\t\t\t\t<div class=\"elementor-column elementor-col-50 elementor-top-column elementor-element elementor-element-387ff7af\" data-id=\"387ff7af\" data-element_type=\"column\" data-e-type=\"column\">\n\t\t\t<div class=\"elementor-widget-wrap elementor-element-populated\">\n\t\t\t\t\t\t<div data-dce-title-color=\"solid\" class=\"elementor-element elementor-element-3ef9a84e text-center elementor-widget elementor-widget-tp-heading-title\" data-id=\"3ef9a84e\" data-element_type=\"widget\" data-e-type=\"widget\" data-widget_type=\"tp-heading-title.default\">\n\t\t\t\t<div class=\"elementor-widget-container\">\n\t\t\t\t\t<div class=\"heading heading_style heading_style6a00e5373d415 style-1\"  data-tp-gsap-heading-text=\"\" data-tp-gsap-sub-heading-text=\"\"><div class=\"sub-style\"  ><div class=\"head-title\" > <h2  class=\"heading-title\"   data-hover=\"Cr\u00e9er les conditions \">Creating the conditions <span class=\"title-s\"> for co-regulation <\/span><\/h2><\/div><div class=\"sub-heading\"><h3 class=\"heading-sub-title\"> Inter-subjectivity <\/h3><\/div><\/div><\/div>\t\t\t\t<\/div>\n\t\t\t\t<\/div>\n\t\t\t\t<div class=\"elementor-element elementor-element-34c94b6f dce_masking-none elementor-widget elementor-widget-image\" data-id=\"34c94b6f\" data-element_type=\"widget\" data-e-type=\"widget\" data-widget_type=\"image.default\">\n\t\t\t\t<div class=\"elementor-widget-container\">\n\t\t\t\t\t\t\t\t\t\t\t\t\t\t\t<img decoding=\"async\" width=\"150\" height=\"150\" src=\"https:\/\/selftherapie.com\/wp-content\/uploads\/2024\/08\/Vignette-2.jpg\" class=\"attachment-medium_large size-medium_large wp-image-6418\" alt=\"\" srcset=\"https:\/\/selftherapie.com\/wp-content\/uploads\/2024\/08\/Vignette-2.jpg 150w, https:\/\/selftherapie.com\/wp-content\/uploads\/2024\/08\/Vignette-2-12x12.jpg 12w\" sizes=\"(max-width: 150px) 100vw, 150px\" \/>\t\t\t\t\t\t\t\t\t\t\t\t\t\t\t<\/div>\n\t\t\t\t<\/div>\n\t\t\t\t<div class=\"elementor-element elementor-element-f510ba8 elementor-widget elementor-widget-text-editor\" data-id=\"f510ba8\" data-element_type=\"widget\" data-e-type=\"widget\" data-widget_type=\"text-editor.default\">\n\t\t\t\t<div class=\"elementor-widget-container\">\n\t\t\t\t\t\t\t\t\t<p><strong>\u2192<\/strong> thanks to the creation of a relational space between therapist and patient in both verbal and bodily dimensions; ;<br \/><strong>\u2192<\/strong> through the application of <strong>\"metacognitive\"<\/strong>\u00a0which make explicit what is implicit in the relationship between therapist and patient; ;<br \/><strong>\u2192<\/strong> to enable parties stuck in an attachment disorder to have the only possible experience of the Self at the beginning of therapy: an indirect experience; ;<br \/><strong>\u2192<\/strong> to enable the injured parts to gain access to vital needs (the role of \u00absecure\u00bb attachment).<\/p><p>The skills developed are based on data from\u00a0<strong>polyvagal theory<\/strong>\u00a0which provides a neurobiological reading of attachment and its disorders.<\/p>\t\t\t\t\t\t\t\t<\/div>\n\t\t\t\t<\/div>\n\t\t\t\t\t<\/div>\n\t\t<\/div>\n\t\t\t\t\t<\/div>\n\t\t<\/section>\n\t\t\t\t<section class=\"elementor-section elementor-top-section elementor-element elementor-element-7ccd7f09 elementor-section-boxed elementor-section-height-default elementor-section-height-default\" data-id=\"7ccd7f09\" data-element_type=\"section\" data-e-type=\"section\" data-settings=\"{&quot;_ha_eqh_enable&quot;:false}\">\n\t\t\t\t\t\t<div class=\"elementor-container elementor-column-gap-default\">\n\t\t\t\t\t<div class=\"elementor-column elementor-col-100 elementor-top-column elementor-element elementor-element-1b51f603\" data-id=\"1b51f603\" data-element_type=\"column\" data-e-type=\"column\">\n\t\t\t<div class=\"elementor-widget-wrap elementor-element-populated\">\n\t\t\t\t\t\t<div class=\"elementor-element elementor-element-6c102db9 elementor-align-center elementor-widget elementor-widget-bdt-advanced-button\" data-id=\"6c102db9\" data-element_type=\"widget\" data-e-type=\"widget\" data-widget_type=\"bdt-advanced-button.default\">\n\t\t\t\t<div class=\"elementor-widget-container\">\n\t\t\t\t\t\t\t<div class=\"bdt-ep-button-wrapper\">\n\t\t\t<a href=\"\/en\/fondements-du-modele\/\" class=\"bdt-ep-button bdt-ep-button-effect-a bdt-ep-button-size-md\">\n\t\t\t\t\t\t<div class=\"bdt-ep-button-content-wrapper bdt-flex bdt-flex-middle bdt-flex-center\" data-text=\"En savoir plus\">\n\t\t\t\n\t\t\t<div class=\"bdt-ep-button-text\">\n\n\t\t\t\t<span class=\"avdbtn-text\">\n\t\t\t\t\tKnow more\t\t\t\t<\/span>\n\n\t\t\t\t\t\t\t<\/div>\n\n\t\t\t\n\t\t<\/div>\n\t\t\t\t\t<\/a>\n\t\t<\/div>\n\t\t\t\t\t\t<\/div>\n\t\t\t\t<\/div>\n\t\t\t\t\t<\/div>\n\t\t<\/div>\n\t\t\t\t\t<\/div>\n\t\t<\/section>\n\t\t\t\t<\/div>","protected":false},"excerpt":{"rendered":"<p>Le Mod\u00e8le propos\u00e9 En savoir plus L&rsquo;Intelligence Relationnelle\u00ae est une th\u00e9rapie qui repose sur la dynamique relationnelle entre le patient et son th\u00e9rapeute, ainsi que chez le patient lui-m\u00eame, pour r\u00e9soudre les conflits psychiques et les difficult\u00e9s relationnelles de ce dernier. Cette m\u00e9thode permet de traiter non seulement les traumatismes psychiques complexes, mais aussi les [&hellip;]<\/p>\n","protected":false},"author":1,"featured_media":0,"parent":0,"menu_order":0,"comment_status":"closed","ping_status":"closed","template":"","meta":{"_acf_changed":false,"footnotes":""},"class_list":["post-17","page","type-page","status-publish","hentry","wpbf-post"],"acf":[],"_links":{"self":[{"href":"https:\/\/selftherapie.com\/en\/wp-json\/wp\/v2\/pages\/17","targetHints":{"allow":["GET"]}}],"collection":[{"href":"https:\/\/selftherapie.com\/en\/wp-json\/wp\/v2\/pages"}],"about":[{"href":"https:\/\/selftherapie.com\/en\/wp-json\/wp\/v2\/types\/page"}],"author":[{"embeddable":true,"href":"https:\/\/selftherapie.com\/en\/wp-json\/wp\/v2\/users\/1"}],"replies":[{"embeddable":true,"href":"https:\/\/selftherapie.com\/en\/wp-json\/wp\/v2\/comments?post=17"}],"version-history":[{"count":3,"href":"https:\/\/selftherapie.com\/en\/wp-json\/wp\/v2\/pages\/17\/revisions"}],"predecessor-version":[{"id":6437,"href":"https:\/\/selftherapie.com\/en\/wp-json\/wp\/v2\/pages\/17\/revisions\/6437"}],"wp:attachment":[{"href":"https:\/\/selftherapie.com\/en\/wp-json\/wp\/v2\/media?parent=17"}],"curies":[{"name":"wp","href":"https:\/\/api.w.org\/{rel}","templated":true}]}}